{"id":929,"date":"2022-03-08T13:28:03","date_gmt":"2022-03-08T18:28:03","guid":{"rendered":"https:\/\/safe-firearm.org\/?page_id=929"},"modified":"2024-09-19T15:25:46","modified_gmt":"2024-09-19T19:25:46","slug":"our-study","status":"publish","type":"page","link":"https:\/\/safe-firearm.org\/es\/our-study\/","title":{"rendered":"<center>Nuestro estudio<\/center>"},"content":{"rendered":"<p style=\"font-size:24px\">\u00bfEst\u00e1 interesado en obtener m\u00e1s informaci\u00f3n sobre lo que estamos probando en nuestro estudio de investigaci\u00f3n SAFE Firearm? Lea nuestro protocolo de estudio completo, que se public\u00f3 en la revista <em>Ciencia de la implementaci\u00f3n<\/em>, <a rel=\"noreferrer noopener\" href=\"https:\/\/link.springer.com\/article\/10.1186\/s13012-021-01154-8\" target=\"_blank\"><mark style=\"background-color:rgba(0, 0, 0, 0);color:#a70855\" class=\"has-inline-color\">(aqu\u00ed)<\/mark><\/a>.<\/p>\n\n\n<div class=\"wp-block-image\">\n<figure class=\"aligncenter size-full is-resized\"><a href=\"https:\/\/link.springer.com\/article\/10.1186\/s13012-021-01154-8\" target=\"_blank\" rel=\"noopener\"><img fetchpriority=\"high\" decoding=\"async\" width=\"864\" height=\"492\" data-attachment-id=\"941\" data-permalink=\"https:\/\/safe-firearm.org\/es\/aspire-study-protocol-header_v2\/\" data-orig-file=\"https:\/\/safe-firearm.org\/wp-content\/uploads\/2022\/03\/aspire-study-protocol-header-v2.jpg\" data-orig-size=\"864,492\" data-comments-opened=\"1\" data-image-meta=\"{&quot;aperture&quot;:&quot;0&quot;,&quot;credit&quot;:&quot;&quot;,&quot;camera&quot;:&quot;&quot;,&quot;caption&quot;:&quot;&quot;,&quot;created_timestamp&quot;:&quot;0&quot;,&quot;copyright&quot;:&quot;&quot;,&quot;focal_length&quot;:&quot;0&quot;,&quot;iso&quot;:&quot;0&quot;,&quot;shutter_speed&quot;:&quot;0&quot;,&quot;title&quot;:&quot;&quot;,&quot;orientation&quot;:&quot;0&quot;}\" data-image-title=\"ASPIRE study protocol header_v2\" data-image-description=\"\" data-image-caption=\"\" data-medium-file=\"https:\/\/safe-firearm.org\/wp-content\/uploads\/2022\/03\/aspire-study-protocol-header-v2-300x171.jpg\" data-large-file=\"https:\/\/safe-firearm.org\/wp-content\/uploads\/2022\/03\/aspire-study-protocol-header-v2.jpg\" src=\"https:\/\/safe-firearm.org\/wp-content\/uploads\/2022\/03\/aspire-study-protocol-header-v2.jpg\" alt=\"\" class=\"wp-image-941\" style=\"width:742px;height:422px\" srcset=\"https:\/\/safe-firearm.org\/wp-content\/uploads\/2022\/03\/aspire-study-protocol-header-v2.jpg 864w, https:\/\/safe-firearm.org\/wp-content\/uploads\/2022\/03\/aspire-study-protocol-header-v2-300x171.jpg 300w, https:\/\/safe-firearm.org\/wp-content\/uploads\/2022\/03\/aspire-study-protocol-header-v2-768x437.jpg 768w, https:\/\/safe-firearm.org\/wp-content\/uploads\/2022\/03\/aspire-study-protocol-header-v2-18x10.jpg 18w\" sizes=\"(max-width: 864px) 100vw, 864px\" \/><\/a><\/figure>\n<\/div>\n\n\n<p><\/p>\n\n\n\n<hr class=\"wp-block-separator has-text-color has-css-opacity has-background\" style=\"background-color:#a70855;color:#a70855\"\/>\n\n\n\n<p><\/p>\n\n\n\n<p class=\"has-medium-font-size\"><strong>Nota<\/strong>: Antes del lanzamiento del estudio, cambiamos el resultado principal del estudio a <strong><em>alcanzar <\/em><\/strong>(entrega del programa SAFE Firearm documentada por un m\u00e9dico en el registro de salud electr\u00f3nico). Seguiremos recopilando la entrega del programa SAFE Firearm (fidelidad) por parte de los m\u00e9dicos informada por los padres como un resultado secundario. <\/p>\n\n\n\n<p class=\"is-style-info has-medium-font-size\">Interested in requesting S.A.F.E. Firearm project materials? Access the REDCap request form <span style=\"text-decoration: underline;\"><a href=\"https:\/\/redcap.nubic.northwestern.edu\/redcap\/surveys\/?s=RLRFW78FK9TEH998\" data-type=\"link\" data-id=\"https:\/\/redcap.nubic.northwestern.edu\/redcap\/surveys\/?s=RLRFW78FK9TEH998\">(aqu\u00ed)<\/a><\/span>.<\/p>\n\n\n\n<p>Date: March 8th, 2022; Updated: September 19, 2024<\/p>\n\n\n\n<p><\/p>\n\n\n<div class=\"wp-block-image\">\n<figure class=\"aligncenter size-large\"><img decoding=\"async\" width=\"1024\" height=\"110\" data-attachment-id=\"1311\" data-permalink=\"https:\/\/safe-firearm.org\/es\/home\/site-logos-3\/\" data-orig-file=\"https:\/\/safe-firearm.org\/wp-content\/uploads\/2023\/02\/site-logos.jpg\" data-orig-size=\"1265,136\" data-comments-opened=\"1\" data-image-meta=\"{&quot;aperture&quot;:&quot;0&quot;,&quot;credit&quot;:&quot;&quot;,&quot;camera&quot;:&quot;&quot;,&quot;caption&quot;:&quot;&quot;,&quot;created_timestamp&quot;:&quot;1677234928&quot;,&quot;copyright&quot;:&quot;&quot;,&quot;focal_length&quot;:&quot;0&quot;,&quot;iso&quot;:&quot;0&quot;,&quot;shutter_speed&quot;:&quot;0&quot;,&quot;title&quot;:&quot;&quot;,&quot;orientation&quot;:&quot;1&quot;}\" data-image-title=\"site-logos\" data-image-description=\"\" data-image-caption=\"\" data-medium-file=\"https:\/\/safe-firearm.org\/wp-content\/uploads\/2023\/02\/site-logos-300x32.jpg\" data-large-file=\"https:\/\/safe-firearm.org\/wp-content\/uploads\/2023\/02\/site-logos-1024x110.jpg\" src=\"https:\/\/safe-firearm.org\/wp-content\/uploads\/2023\/02\/site-logos-1024x110.jpg\" alt=\"\" class=\"wp-image-1311\" srcset=\"https:\/\/safe-firearm.org\/wp-content\/uploads\/2023\/02\/site-logos-1024x110.jpg 1024w, https:\/\/safe-firearm.org\/wp-content\/uploads\/2023\/02\/site-logos-300x32.jpg 300w, https:\/\/safe-firearm.org\/wp-content\/uploads\/2023\/02\/site-logos-768x83.jpg 768w, https:\/\/safe-firearm.org\/wp-content\/uploads\/2023\/02\/site-logos-18x2.jpg 18w, https:\/\/safe-firearm.org\/wp-content\/uploads\/2023\/02\/site-logos-1080x116.jpg 1080w, https:\/\/safe-firearm.org\/wp-content\/uploads\/2023\/02\/site-logos.jpg 1265w\" sizes=\"(max-width: 1024px) 100vw, 1024px\" \/><\/figure>\n<\/div>\n\n\n<p><\/p>","protected":false},"excerpt":{"rendered":"<p>Interested in learning more about what we are testing in our S.A.F.E. Firearm research study? Read our full study protocol, which was published in the journal Implementation Science, here. Note: Prior to study launch, we changed the primary outcome of the study to reach (clinician-documented program delivery of the S.A.F.E. Firearm program in the electronic &hellip; <a href=\"https:\/\/safe-firearm.org\/es\/our-study\/\" class=\"more-link\">Seguir leyendo <span class=\"screen-reader-text\"><center>Nuestro estudio<\/center><\/span><\/a><\/p>","protected":false},"author":205115658,"featured_media":0,"parent":0,"menu_order":0,"comment_status":"closed","ping_status":"closed","template":"","meta":{"_coblocks_attr":"","_coblocks_dimensions":"","_coblocks_responsive_height":"","_coblocks_accordion_ie_support":"","advanced_seo_description":"","jetpack_seo_html_title":"","jetpack_seo_noindex":false,"jetpack_post_was_ever_published":false,"footnotes":""},"tags":[],"class_list":["post-929","page","type-page","status-publish","hentry","no-featured-image"],"jetpack_likes_enabled":true,"jetpack_sharing_enabled":true,"jetpack_shortlink":"https:\/\/wp.me\/Pd06LT-eZ","amp_enabled":true,"_links":{"self":[{"href":"https:\/\/safe-firearm.org\/es\/wp-json\/wp\/v2\/pages\/929","targetHints":{"allow":["GET"]}}],"collection":[{"href":"https:\/\/safe-firearm.org\/es\/wp-json\/wp\/v2\/pages"}],"about":[{"href":"https:\/\/safe-firearm.org\/es\/wp-json\/wp\/v2\/types\/page"}],"author":[{"embeddable":true,"href":"https:\/\/safe-firearm.org\/es\/wp-json\/wp\/v2\/users\/205115658"}],"replies":[{"embeddable":true,"href":"https:\/\/safe-firearm.org\/es\/wp-json\/wp\/v2\/comments?post=929"}],"version-history":[{"count":25,"href":"https:\/\/safe-firearm.org\/es\/wp-json\/wp\/v2\/pages\/929\/revisions"}],"predecessor-version":[{"id":1724,"href":"https:\/\/safe-firearm.org\/es\/wp-json\/wp\/v2\/pages\/929\/revisions\/1724"}],"wp:attachment":[{"href":"https:\/\/safe-firearm.org\/es\/wp-json\/wp\/v2\/media?parent=929"}],"wp:term":[{"taxonomy":"post_tag","embeddable":true,"href":"https:\/\/safe-firearm.org\/es\/wp-json\/wp\/v2\/tags?post=929"}],"curies":[{"name":"wp","href":"https:\/\/api.w.org\/{rel}","templated":true}]}}